{"id":2019,"date":"2016-02-23T14:22:50","date_gmt":"2016-02-23T14:22:50","guid":{"rendered":"http:\/\/demo.themelogi.com\/navian\/?page_id=2019"},"modified":"2024-05-28T17:06:10","modified_gmt":"2024-05-28T17:06:10","slug":"rafal","status":"publish","type":"page","link":"https:\/\/karate-podhale.pl\/index.php\/home\/rafal\/","title":{"rendered":"Rafal"},"content":{"rendered":"<div class=\"wpb-content-wrapper\"><p>[vc_row tlg_background_style=&#8221;bg-dark&#8221; el_id=&#8221;intro&#8221; css=&#8221;.vc_custom_1548691927310{background-color: #222222 !important;}&#8221;][vc_column width=&#8221;1\/4&#8243; css=&#8221;.vc_custom_1506361386120{padding-right: 10% !important;}&#8221; el_class=&#8221;text-center&#8221;][vc_single_image image=&#8221;8909&#8243; alignment=&#8221;center&#8221; style=&#8221;vc_box_circle_2&#8243; css=&#8221;&#8221;]<div class=\"headings-title \"><div class=\"mb40 mb-xs-40 text-center\"><h5  class=\"widgettitle\"><u>Sensei Rafa\u0142 Tokarczyk<\/u><\/h5><\/div><\/div><div class=\"text-center\"><a class=\" link-dark inline-block\" href= \"https:\/\/www.facebook.com\/DojoHonshitsu\/?locale=pl_PL\" target=\"_self\"  data-toggle=\"tooltip\" data-placement=\"top\" title=\"Zapraszamy na naszego Facebooka\" data-original-title=\"Zapraszamy na naszego Facebooka\"><i id=\"icon-69d110057cb30\" style=\"font-size:18px;color:#ffffff;background-color:#3b5998;border-color:#3b5998;border-color:#3b5998;margin:0 10px;\" class=\"ti-facebook circle-icon circle-icon-bg small-icon  inline-block custom-icon\"><\/i><\/a><script type=\"text\/javascript\">jQuery(document).ready(function(){jQuery('head').append('<style type=\"text\/css\" id=\"tlg-custom-css-icon-69d110057cb30\">#icon-69d110057cb30:hover{color:#3b5998!important;background-color:#ffffff!important;border-color:#cccccc!important;}<\/style>');});<\/script><\/div>[\/vc_column][vc_column width=&#8221;1\/2&#8243;][vc_column_text css=&#8221;&#8221;]<span style=\"font-family: Arial, serif;\"><span style=\"font-size: large;\"><b>Sensei Rafa\u0142 Tokarczyk &#8211;<\/b><\/span><\/span><span style=\"font-family: Arial, serif;\"><span style=\"font-size: large;\">\u00a0absolwent pedagogiki Uniwersytetu \u015al\u0105skiego i wychowania fizycznego AWF Katowice, kt\u00f3ry swoj\u0105 przygod\u0119 ze sztukami walki rozpocz\u0105\u0142 w 1990r. od trening\u00f3w karate Kyokushin<\/span><\/span><span style=\"font-family: Arial, serif;\"><span style=\"font-size: large;\">. Uprawnienia instruktorskie (10626\/I\/S\/2001) uzyska\u0142 w 2001 roku. <\/span><\/span><\/p>\n<p><span style=\"font-family: Arial, serif;\"><span style=\"font-size: large;\">Od pocz\u0105tku pasjonowa\u0142 si\u0119 r\u00f3\u017cnym systemami walki z broni\u0105 jak i bez uzyskuj\u0105c stopnie mistrzowskie w kilku dyscyplinach japo\u0144skich i okinawskich sztuk walki m.in. 6 Dan Aiki Ju Jutsu (F.G.T.Ch.K), 3 Dan Iaido (PZK). <\/span><\/span><\/p>\n<p><span style=\"font-family: Arial, serif;\"><span style=\"font-size: large;\">Jako Kancho Dojo Honshitsu<\/span><\/span><span style=\"font-family: Arial, serif;\"><span style=\"font-size: large;\"> prowadzi regularne zaj\u0119cia w Poroninie k\/Zakopanego z Karate Goju Ryu i Kobudo, kt\u00f3re trenuje od ponad 20 lat<\/span><\/span>[\/vc_column_text][\/vc_column][\/vc_row][vc_row tlg_background_style=&#8221;bg-dark&#8221; tlg_padding=&#8221;pt0&#8243; el_id=&#8221;work&#8221; css=&#8221;.vc_custom_1548691943419{background-color: #222222 !important;}&#8221;][vc_column][vc_single_image image=&#8221;8770&#8243; img_size=&#8221;full&#8221; alignment=&#8221;center&#8221; css=&#8221;&#8221;][\/vc_column][\/vc_row]<\/p>\n<\/div>","protected":false},"excerpt":{"rendered":"<p>[vc_row tlg_background_style=&#8221;bg-dark&#8221; el_id=&#8221;intro&#8221; css=&#8221;.vc_custom_1548691927310{background-color: #222222 !important;}&#8221;][vc_column width=&#8221;1\/4&#8243; css=&#8221;.vc_custom_1506361386120{padding-right: 10% !important;}&#8221; el_class=&#8221;text-center&#8221;][vc_single_image image=&#8221;8909&#8243; alignment=&#8221;center&#8221; style=&#8221;vc_box_circle_2&#8243; css=&#8221;&#8221;][\/vc_column][vc_column width=&#8221;1\/2&#8243;][vc_column_text css=&#8221;&#8221;]Sensei Rafa\u0142 Tokarczyk &#8211;\u00a0absolwent pedagogiki Uniwersytetu \u015al\u0105skiego i wychowania fizycznego AWF Katowice, kt\u00f3ry swoj\u0105 przygod\u0119 ze sztukami walki rozpocz\u0105\u0142 w 1990r. od trening\u00f3w karate Kyokushin. Uprawnienia instruktorskie (10626\/I\/S\/2001) uzyska\u0142 w 2001 roku. Od pocz\u0105tku pasjonowa\u0142 si\u0119 r\u00f3\u017cnym systemami walki&#8230;<\/p>\n","protected":false},"author":1,"featured_media":0,"parent":2013,"menu_order":0,"comment_status":"closed","ping_status":"closed","template":"","meta":{"footnotes":""},"yoast_head":"<!-- This site is optimized with the Yoast SEO plugin v24.5 - https:\/\/yoast.com\/wordpress\/plugins\/seo\/ -->\n<title>Rafal - Okinawskie Sztuki Walki<\/title>\n<meta name=\"robots\" content=\"index, follow, max-snippet:-1, max-image-preview:large, max-video-preview:-1\" \/>\n<link rel=\"canonical\" href=\"https:\/\/karate-podhale.pl\/index.php\/home\/rafal\/\" \/>\n<meta property=\"og:locale\" content=\"pl_PL\" \/>\n<meta property=\"og:type\" content=\"article\" \/>\n<meta property=\"og:title\" content=\"Rafal - Okinawskie Sztuki Walki\" \/>\n<meta property=\"og:description\" content=\"[vc_row tlg_background_style=&#8221;bg-dark&#8221; el_id=&#8221;intro&#8221; css=&#8221;.vc_custom_1548691927310{background-color: #222222 !important;}&#8221;][vc_column width=&#8221;1\/4&#8243; css=&#8221;.vc_custom_1506361386120{padding-right: 10% !important;}&#8221; el_class=&#8221;text-center&#8221;][vc_single_image image=&#8221;8909&#8243; alignment=&#8221;center&#8221; style=&#8221;vc_box_circle_2&#8243; css=&#8221;&#8221;][\/vc_column][vc_column width=&#8221;1\/2&#8243;][vc_column_text css=&#8221;&#8221;]Sensei Rafa\u0142 Tokarczyk &#8211;\u00a0absolwent pedagogiki Uniwersytetu \u015al\u0105skiego i wychowania fizycznego AWF Katowice, kt\u00f3ry swoj\u0105 przygod\u0119 ze sztukami walki rozpocz\u0105\u0142 w 1990r. od trening\u00f3w karate Kyokushin. Uprawnienia instruktorskie (10626\/I\/S\/2001) uzyska\u0142 w 2001 roku. Od pocz\u0105tku pasjonowa\u0142 si\u0119 r\u00f3\u017cnym systemami walki...\" \/>\n<meta property=\"og:url\" content=\"https:\/\/karate-podhale.pl\/index.php\/home\/rafal\/\" \/>\n<meta property=\"og:site_name\" content=\"Okinawskie Sztuki Walki\" \/>\n<meta property=\"article:publisher\" content=\"https:\/\/www.facebook.com\/DojoHonshitsu\" \/>\n<meta property=\"article:modified_time\" content=\"2024-05-28T17:06:10+00:00\" \/>\n<meta name=\"twitter:card\" content=\"summary_large_image\" \/>\n<meta name=\"twitter:label1\" content=\"Szacowany czas czytania\" \/>\n\t<meta name=\"twitter:data1\" content=\"1 minuta\" \/>\n<script type=\"application\/ld+json\" class=\"yoast-schema-graph\">{\"@context\":\"https:\/\/schema.org\",\"@graph\":[{\"@type\":\"WebPage\",\"@id\":\"https:\/\/karate-podhale.pl\/index.php\/home\/rafal\/\",\"url\":\"https:\/\/karate-podhale.pl\/index.php\/home\/rafal\/\",\"name\":\"Rafal - Okinawskie Sztuki Walki\",\"isPartOf\":{\"@id\":\"https:\/\/karate-podhale.pl\/#website\"},\"datePublished\":\"2016-02-23T14:22:50+00:00\",\"dateModified\":\"2024-05-28T17:06:10+00:00\",\"breadcrumb\":{\"@id\":\"https:\/\/karate-podhale.pl\/index.php\/home\/rafal\/#breadcrumb\"},\"inLanguage\":\"pl-PL\",\"potentialAction\":[{\"@type\":\"ReadAction\",\"target\":[\"https:\/\/karate-podhale.pl\/index.php\/home\/rafal\/\"]}]},{\"@type\":\"BreadcrumbList\",\"@id\":\"https:\/\/karate-podhale.pl\/index.php\/home\/rafal\/#breadcrumb\",\"itemListElement\":[{\"@type\":\"ListItem\",\"position\":1,\"name\":\"Strona g\u0142\u00f3wna\",\"item\":\"https:\/\/karate-podhale.pl\/\"},{\"@type\":\"ListItem\",\"position\":2,\"name\":\"Home\",\"item\":\"https:\/\/karate-podhale.pl\/index.php\/home\/\"},{\"@type\":\"ListItem\",\"position\":3,\"name\":\"Rafal\"}]},{\"@type\":\"WebSite\",\"@id\":\"https:\/\/karate-podhale.pl\/#website\",\"url\":\"https:\/\/karate-podhale.pl\/\",\"name\":\"Okinawskie Sztuki Walki\",\"description\":\"\",\"publisher\":{\"@id\":\"https:\/\/karate-podhale.pl\/#organization\"},\"potentialAction\":[{\"@type\":\"SearchAction\",\"target\":{\"@type\":\"EntryPoint\",\"urlTemplate\":\"https:\/\/karate-podhale.pl\/?s={search_term_string}\"},\"query-input\":{\"@type\":\"PropertyValueSpecification\",\"valueRequired\":true,\"valueName\":\"search_term_string\"}}],\"inLanguage\":\"pl-PL\"},{\"@type\":\"Organization\",\"@id\":\"https:\/\/karate-podhale.pl\/#organization\",\"name\":\"TOGKF\",\"url\":\"https:\/\/karate-podhale.pl\/\",\"logo\":{\"@type\":\"ImageObject\",\"inLanguage\":\"pl-PL\",\"@id\":\"https:\/\/karate-podhale.pl\/#\/schema\/logo\/image\/\",\"url\":\"https:\/\/karate-podhale.pl\/wp-content\/uploads\/2024\/05\/Logo-male.png\",\"contentUrl\":\"https:\/\/karate-podhale.pl\/wp-content\/uploads\/2024\/05\/Logo-male.png\",\"width\":300,\"height\":300,\"caption\":\"TOGKF\"},\"image\":{\"@id\":\"https:\/\/karate-podhale.pl\/#\/schema\/logo\/image\/\"},\"sameAs\":[\"https:\/\/www.facebook.com\/DojoHonshitsu\"]}]}<\/script>\n<!-- \/ Yoast SEO plugin. -->","yoast_head_json":{"title":"Rafal - Okinawskie Sztuki Walki","robots":{"index":"index","follow":"follow","max-snippet":"max-snippet:-1","max-image-preview":"max-image-preview:large","max-video-preview":"max-video-preview:-1"},"canonical":"https:\/\/karate-podhale.pl\/index.php\/home\/rafal\/","og_locale":"pl_PL","og_type":"article","og_title":"Rafal - Okinawskie Sztuki Walki","og_description":"[vc_row tlg_background_style=&#8221;bg-dark&#8221; el_id=&#8221;intro&#8221; css=&#8221;.vc_custom_1548691927310{background-color: #222222 !important;}&#8221;][vc_column width=&#8221;1\/4&#8243; css=&#8221;.vc_custom_1506361386120{padding-right: 10% !important;}&#8221; el_class=&#8221;text-center&#8221;][vc_single_image image=&#8221;8909&#8243; alignment=&#8221;center&#8221; style=&#8221;vc_box_circle_2&#8243; css=&#8221;&#8221;][\/vc_column][vc_column width=&#8221;1\/2&#8243;][vc_column_text css=&#8221;&#8221;]Sensei Rafa\u0142 Tokarczyk &#8211;\u00a0absolwent pedagogiki Uniwersytetu \u015al\u0105skiego i wychowania fizycznego AWF Katowice, kt\u00f3ry swoj\u0105 przygod\u0119 ze sztukami walki rozpocz\u0105\u0142 w 1990r. od trening\u00f3w karate Kyokushin. Uprawnienia instruktorskie (10626\/I\/S\/2001) uzyska\u0142 w 2001 roku. Od pocz\u0105tku pasjonowa\u0142 si\u0119 r\u00f3\u017cnym systemami walki...","og_url":"https:\/\/karate-podhale.pl\/index.php\/home\/rafal\/","og_site_name":"Okinawskie Sztuki Walki","article_publisher":"https:\/\/www.facebook.com\/DojoHonshitsu","article_modified_time":"2024-05-28T17:06:10+00:00","twitter_card":"summary_large_image","twitter_misc":{"Szacowany czas czytania":"1 minuta"},"schema":{"@context":"https:\/\/schema.org","@graph":[{"@type":"WebPage","@id":"https:\/\/karate-podhale.pl\/index.php\/home\/rafal\/","url":"https:\/\/karate-podhale.pl\/index.php\/home\/rafal\/","name":"Rafal - Okinawskie Sztuki Walki","isPartOf":{"@id":"https:\/\/karate-podhale.pl\/#website"},"datePublished":"2016-02-23T14:22:50+00:00","dateModified":"2024-05-28T17:06:10+00:00","breadcrumb":{"@id":"https:\/\/karate-podhale.pl\/index.php\/home\/rafal\/#breadcrumb"},"inLanguage":"pl-PL","potentialAction":[{"@type":"ReadAction","target":["https:\/\/karate-podhale.pl\/index.php\/home\/rafal\/"]}]},{"@type":"BreadcrumbList","@id":"https:\/\/karate-podhale.pl\/index.php\/home\/rafal\/#breadcrumb","itemListElement":[{"@type":"ListItem","position":1,"name":"Strona g\u0142\u00f3wna","item":"https:\/\/karate-podhale.pl\/"},{"@type":"ListItem","position":2,"name":"Home","item":"https:\/\/karate-podhale.pl\/index.php\/home\/"},{"@type":"ListItem","position":3,"name":"Rafal"}]},{"@type":"WebSite","@id":"https:\/\/karate-podhale.pl\/#website","url":"https:\/\/karate-podhale.pl\/","name":"Okinawskie Sztuki Walki","description":"","publisher":{"@id":"https:\/\/karate-podhale.pl\/#organization"},"potentialAction":[{"@type":"SearchAction","target":{"@type":"EntryPoint","urlTemplate":"https:\/\/karate-podhale.pl\/?s={search_term_string}"},"query-input":{"@type":"PropertyValueSpecification","valueRequired":true,"valueName":"search_term_string"}}],"inLanguage":"pl-PL"},{"@type":"Organization","@id":"https:\/\/karate-podhale.pl\/#organization","name":"TOGKF","url":"https:\/\/karate-podhale.pl\/","logo":{"@type":"ImageObject","inLanguage":"pl-PL","@id":"https:\/\/karate-podhale.pl\/#\/schema\/logo\/image\/","url":"https:\/\/karate-podhale.pl\/wp-content\/uploads\/2024\/05\/Logo-male.png","contentUrl":"https:\/\/karate-podhale.pl\/wp-content\/uploads\/2024\/05\/Logo-male.png","width":300,"height":300,"caption":"TOGKF"},"image":{"@id":"https:\/\/karate-podhale.pl\/#\/schema\/logo\/image\/"},"sameAs":["https:\/\/www.facebook.com\/DojoHonshitsu"]}]}},"_links":{"self":[{"href":"https:\/\/karate-podhale.pl\/index.php\/wp-json\/wp\/v2\/pages\/2019"}],"collection":[{"href":"https:\/\/karate-podhale.pl\/index.php\/wp-json\/wp\/v2\/pages"}],"about":[{"href":"https:\/\/karate-podhale.pl\/index.php\/wp-json\/wp\/v2\/types\/page"}],"author":[{"embeddable":true,"href":"https:\/\/karate-podhale.pl\/index.php\/wp-json\/wp\/v2\/users\/1"}],"replies":[{"embeddable":true,"href":"https:\/\/karate-podhale.pl\/index.php\/wp-json\/wp\/v2\/comments?post=2019"}],"version-history":[{"count":10,"href":"https:\/\/karate-podhale.pl\/index.php\/wp-json\/wp\/v2\/pages\/2019\/revisions"}],"predecessor-version":[{"id":8929,"href":"https:\/\/karate-podhale.pl\/index.php\/wp-json\/wp\/v2\/pages\/2019\/revisions\/8929"}],"up":[{"embeddable":true,"href":"https:\/\/karate-podhale.pl\/index.php\/wp-json\/wp\/v2\/pages\/2013"}],"wp:attachment":[{"href":"https:\/\/karate-podhale.pl\/index.php\/wp-json\/wp\/v2\/media?parent=2019"}],"curies":[{"name":"wp","href":"https:\/\/api.w.org\/{rel}","templated":true}]}}