{"id":8819,"date":"2024-05-27T07:49:49","date_gmt":"2024-05-27T07:49:49","guid":{"rendered":"https:\/\/karate-podhale.pl\/?page_id=8819"},"modified":"2026-01-12T15:38:59","modified_gmt":"2026-01-12T15:38:59","slug":"wymagania","status":"publish","type":"page","link":"https:\/\/karate-podhale.pl\/index.php\/home\/wymagania\/","title":{"rendered":"Wymagania Egzaminacyjne"},"content":{"rendered":"<div class=\"wpb-content-wrapper\"><p>[vc_row tlg_background_style=&#8221;bg-dark&#8221; el_id=&#8221;intro&#8221; css=&#8221;.vc_custom_1548691927310{background-color: #222222 !important;}&#8221;][vc_column]<div class=\"headings-title \"><div class=\"mb70 mb-xs-40 text-center\"><h5  class=\"widgettitle\"><u>WYMAGANIA EGZAMINACYJNE<\/u><\/h5><\/div><\/div>[\/vc_column][\/vc_row][vc_row tlg_background_style=&#8221;bg-dark&#8221; tlg_padding=&#8221;pt0&#8243; css=&#8221;.vc_custom_1548691943419{background-color: #222222 !important;}&#8221;][vc_column width=&#8221;1\/2&#8243;]<div class=\" image-captions\"><div class=\"tlg-banner\"><figure class=\"hover-caption-1\"><img decoding=\"async\" width=\"919\" height=\"611\" data-src=\"https:\/\/karate-podhale.pl\/wp-content\/uploads\/2024\/05\/belt_colours_meaning.png\" class=\"attachment-full size-full lazyload\" alt=\"\" data-srcset=\"https:\/\/karate-podhale.pl\/wp-content\/uploads\/2024\/05\/belt_colours_meaning.png 919w, https:\/\/karate-podhale.pl\/wp-content\/uploads\/2024\/05\/belt_colours_meaning-300x199.png 300w, https:\/\/karate-podhale.pl\/wp-content\/uploads\/2024\/05\/belt_colours_meaning-768x511.png 768w\" data-sizes=\"(max-width: 919px) 100vw, 919px\" src=\"data:image\/svg+xml;base64,PHN2ZyB3aWR0aD0iMSIgaGVpZ2h0PSIxIiB4bWxucz0iaHR0cDovL3d3dy53My5vcmcvMjAwMC9zdmciPjwvc3ZnPg==\" style=\"--smush-placeholder-width: 919px; --smush-placeholder-aspect-ratio: 919\/611;\" \/><figcaption><div><h2 style=\"font-size:20px;line-height:30px;\">Egzaminy odbywaj\u0105 si\u0119 zazwyczaj 2 razy do roku<\/h2><p  ><\/p><\/div><\/figcaption><\/figure><\/div><\/div>[\/vc_column][vc_column width=&#8221;1\/2&#8243;]<div id=\"iconbox-69d1114cadc40\" class=\"   \"><div class=\"icon-link\"><div class=\"relative mb0\"><i  class=\"   inline-block mb30 icon-text icon-lg\"><\/i><h5  class=\"widgettitle \">Nowy pas nadawany jest uczniowi przez swojego sensei\u2019a w drodze egzaminu<\/h5><div  class=\"icon-content\"><p>podczas kt\u00f3rego karateka musi zaprezentowa\u0107 woje umiej\u0119tno\u015bci techniczne, wykaza\u0107 si\u0119 znajomo\u015bci\u0105 technik r\u0119cznych i no\u017cnych, wykona\u0107 kata. Ponadto sprawdzana jest sprawno\u015b\u0107 fizyczna trenuj\u0105cego, a tak\u017ce umiej\u0119tno\u015b\u0107 walki. W przypadku kobudo, podczas egzaminu pokazujemy techniki podstawowe specyficzne dla danej broni, ich zastosowanie w formie bunkai i kata. Do kolejnych egzamin\u00f3w mo\u017cna przyst\u0105pi\u0107 tylko po up\u0142ywie odpowiednich przerw czasowych przeznaczonych na doskonalenie swoich umiej\u0119tno\u015bci. Zdobyte w drodze egzaminu stopnie Kyu czy Dan potwierdzone s\u0105 stosownymi dokumentami: wpisami w legitymacj\u0119 oraz wydanym certyfikatem.<\/p>\n<\/div><\/div><\/div><\/div>[\/vc_column][\/vc_row][vc_row tlg_background_style=&#8221;bg-dark&#8221; tlg_padding=&#8221;pt0&#8243; css=&#8221;.vc_custom_1548691943419{background-color: #222222 !important;}&#8221;][vc_column width=&#8221;1\/2&#8243;]<div id=\"iconbox-69d1114cadc6f\" class=\"   \"><div class=\"icon-link\"><div class=\"relative mb0\"><i  class=\"   inline-block mb30 icon-text icon-lg\"><\/i><h5  class=\"widgettitle \">Stopnie w Karate dzielimy na:<br \/>\nuczniowskie \u2013 Kyu oraz mistrzowskie \u2013 Dan.<\/h5><div  class=\"icon-content\"><p>W ka\u017cdej grupie istnieje 10 stopni.<\/p>\n<ul>\n<li>W pierwszej grupie liczenie rozpoczynamy od 10 Kyu (bia\u0142y pas) i idziemy w d\u00f3\u0142 a\u017c do 1 Kyu (br\u0105zowy pas z czarn\u0105 belk\u0105). Zatem im mniejsza liczba stoj\u0105ca przed Kyu tym z wy\u017cszym stopniem mamy do czynienia.<\/li>\n<li>W grupie czarnych pas\u00f3w reprezentuj\u0105cych stopnie mistrzowskie Dan spos\u00f3b definiowania poziomu zaawansowania jest odmienny ni\u017c w grupie Kyu. Tutaj im wy\u017csza liczba stoj\u0105ca przed danem tym z wy\u017cszym stopniem mamy do czynienia. Oznacza to, \u017ce 10 Dan jest najwy\u017cszy.<\/li>\n<\/ul>\n<p>\n<\/div><\/div><\/div><\/div>[\/vc_column][vc_column width=&#8221;1\/2&#8243;]<div class=\" image-captions\"><div class=\"tlg-banner\"><figure class=\"hover-caption-1\"><img decoding=\"async\" width=\"1324\" height=\"900\" data-src=\"https:\/\/karate-podhale.pl\/wp-content\/uploads\/2024\/05\/pxfuel-5.jpg\" class=\"attachment-full size-full lazyload\" alt=\"\" data-srcset=\"https:\/\/karate-podhale.pl\/wp-content\/uploads\/2024\/05\/pxfuel-5.jpg 1324w, https:\/\/karate-podhale.pl\/wp-content\/uploads\/2024\/05\/pxfuel-5-300x204.jpg 300w, https:\/\/karate-podhale.pl\/wp-content\/uploads\/2024\/05\/pxfuel-5-1024x696.jpg 1024w, https:\/\/karate-podhale.pl\/wp-content\/uploads\/2024\/05\/pxfuel-5-768x522.jpg 768w\" data-sizes=\"(max-width: 1324px) 100vw, 1324px\" src=\"data:image\/svg+xml;base64,PHN2ZyB3aWR0aD0iMSIgaGVpZ2h0PSIxIiB4bWxucz0iaHR0cDovL3d3dy53My5vcmcvMjAwMC9zdmciPjwvc3ZnPg==\" style=\"--smush-placeholder-width: 1324px; --smush-placeholder-aspect-ratio: 1324\/900;\" \/><figcaption><div><h2 style=\"font-size:20px;line-height:30px;\">Egzamin jest podnios\u0142ym wydarzeniem, dlatego podchodzimy do niego z nale\u017cytym szacunkiem.<\/h2><p  ><\/p><\/div><\/figcaption><\/figure><\/div><\/div>[\/vc_column][\/vc_row][vc_row tlg_background_style=&#8221;bg-dark&#8221; tlg_padding=&#8221;pt0&#8243; el_id=&#8221;work&#8221; css=&#8221;.vc_custom_1716839482453{padding-top: 100px !important;background-color: #222222 !important;}&#8221;][vc_column][\/vc_column][vc_column width=&#8221;1\/2&#8243;]<div class=\"headings-title \"><div class=\"mb70 mb-xs-40 text-center\"><div  class=\"widgetsubtitle mb8\">Wymagania<\/div><h5  class=\"widgettitle mb0\">KARATE<\/h5><\/div><\/div>[vc_column_text css=&#8221;&#8221;]<\/p>\n<div class=\"shortcode\">\n<div\n    class='wp-block-pdfp-pdf-poster  alignnone'\n    id='block-2'\n    data-attributes='{&quot;uniqueId&quot;:&quot;pdfp1&quot;,&quot;file&quot;:&quot;http:\\\/\\\/karate-podhale.pl\\\/wp-content\\\/uploads\\\/2024\\\/05\\\/KARATE_wymagania_Honshitsu_TOKGF.pdf&quot;,&quot;title&quot;:&quot;Karate wymagania&quot;,&quot;height&quot;:&quot;842px&quot;,&quot;width&quot;:&quot;100%&quot;,&quot;print&quot;:true,&quot;fullscreenButton&quot;:true,&quot;newWindow&quot;:false,&quot;showName&quot;:false,&quot;downloadButton&quot;:true,&quot;downloadButtonText&quot;:&quot;Download File&quot;,&quot;protect&quot;:false,&quot;onlyPDF&quot;:false,&quot;defaultBrowser&quot;:false,&quot;thumbMenu&quot;:false,&quot;sidebarOpen&quot;:false,&quot;lastVersion&quot;:false,&quot;hrScroll&quot;:false,&quot;alert&quot;:true,&quot;btnStyles&quot;:{&quot;background&quot;:&quot;#1e73be&quot;,&quot;color&quot;:&quot;#fff&quot;,&quot;fontSize&quot;:&quot;1rem&quot;,&quot;padding&quot;:{&quot;top&quot;:10,&quot;right&quot;:20,&quot;bottom&quot;:10,&quot;left&quot;:10}},&quot;popupOptions&quot;:{&quot;enabled&quot;:0,&quot;text&quot;:&quot;Open PDF&quot;,&quot;triggerType&quot;:&quot;button&quot;,&quot;image&quot;:&quot;&quot;,&quot;imageHeight&quot;:&quot;200px&quot;,&quot;imageWidth&quot;:&quot;300px&quot;,&quot;imagePdfIcon&quot;:true,&quot;triggerAlignment&quot;:&quot;center&quot;,&quot;btnStyle&quot;:{&quot;background&quot;:&quot;#1e73be&quot;,&quot;color&quot;:&quot;#fff&quot;,&quot;fontSize&quot;:&quot;1rem&quot;,&quot;padding&quot;:{&quot;top&quot;:10,&quot;right&quot;:20,&quot;bottom&quot;:10,&quot;left&quot;:10}}},&quot;actionsPosition&quot;:&quot;top&quot;,&quot;socialShare&quot;:{&quot;enabled&quot;:false,&quot;facebook&quot;:false,&quot;twitter&quot;:false,&quot;linkedin&quot;:false,&quot;pinterest&quot;:false,&quot;position&quot;:&quot;top&quot;},&quot;adobeEmbedder&quot;:false,&quot;align&quot;:&quot;none&quot;,&quot;alignment&quot;:&quot;left&quot;,&quot;titleFontSize&quot;:&quot;16px&quot;,&quot;fullscreenButtonText&quot;:&quot;View Fullscreen&quot;,&quot;initialPage&quot;:0,&quot;isHideRightToolbar&quot;:false,&quot;additional&quot;:{&quot;ID&quot;:&quot;&quot;,&quot;Class&quot;:&quot;&quot;,&quot;CSS&quot;:&quot;&quot;},&quot;adobeOptions&quot;:{&quot;showDownloadPDF&quot;:true,&quot;showPrintPDF&quot;:true,&quot;showAnnotationTools&quot;:true,&quot;showFullScreen&quot;:false,&quot;embedMode&quot;:&quot;SIZED_CONTAINER&quot;},&quot;popupBtnStyle&quot;:{&quot;background&quot;:&quot;#2271b1&quot;,&quot;color&quot;:&quot;#fff&quot;,&quot;padding&quot;:{&quot;top&quot;:10,&quot;right&quot;:20,&quot;bottom&quot;:10,&quot;left&quot;:10}},&quot;popupBtnText&quot;:&quot;Open Document&quot;,&quot;CSS&quot;:&quot;&quot;,&quot;isPremium&quot;:false}'\n    style=\"text-align: left\">\n    \n        <iframe title=\"Karate wymagania\" style=\"border:0;\" width=\"100%\" height=\"800px\" class=\"pdfp_unsupported_frame lazyload\" data-src=\"\/\/docs.google.com\/gview?embedded=true&url=http:\/\/karate-podhale.pl\/wp-content\/uploads\/2024\/05\/KARATE_wymagania_Honshitsu_TOKGF.pdf\" src=\"data:image\/svg+xml;base64,PHN2ZyB3aWR0aD0iMSIgaGVpZ2h0PSIxIiB4bWxucz0iaHR0cDovL3d3dy53My5vcmcvMjAwMC9zdmciPjwvc3ZnPg==\" data-load-mode=\"1\"><\/iframe>\n\n    <\/div>\n<\/div>\n<p>[\/vc_column_text][\/vc_column][vc_column width=&#8221;1\/2&#8243;]<div class=\"headings-title \"><div class=\"mb70 mb-xs-40 text-center\"><div  class=\"widgetsubtitle mb8\">Wymagania<\/div><h5  class=\"widgettitle mb0\">KOBUDO<\/h5><\/div><\/div>[vc_column_text css=&#8221;&#8221;]<\/p>\n<div class=\"shortcode\">\n<div\n    class='wp-block-pdfp-pdf-poster  alignnone'\n    id='block-4'\n    data-attributes='{&quot;uniqueId&quot;:&quot;pdfp3&quot;,&quot;file&quot;:&quot;http:\\\/\\\/karate-podhale.pl\\\/wp-content\\\/uploads\\\/2024\\\/05\\\/KOBUDO-wymagania-Honshitsu.pdf&quot;,&quot;title&quot;:&quot;Kobudo wymagania&quot;,&quot;height&quot;:&quot;842px&quot;,&quot;width&quot;:&quot;100%&quot;,&quot;print&quot;:true,&quot;fullscreenButton&quot;:true,&quot;newWindow&quot;:false,&quot;showName&quot;:false,&quot;downloadButton&quot;:true,&quot;downloadButtonText&quot;:&quot;Download File&quot;,&quot;protect&quot;:false,&quot;onlyPDF&quot;:false,&quot;defaultBrowser&quot;:false,&quot;thumbMenu&quot;:false,&quot;sidebarOpen&quot;:false,&quot;lastVersion&quot;:false,&quot;hrScroll&quot;:false,&quot;alert&quot;:true,&quot;btnStyles&quot;:{&quot;background&quot;:&quot;#1e73be&quot;,&quot;color&quot;:&quot;#fff&quot;,&quot;fontSize&quot;:&quot;1rem&quot;,&quot;padding&quot;:{&quot;top&quot;:10,&quot;right&quot;:20,&quot;bottom&quot;:10,&quot;left&quot;:10}},&quot;popupOptions&quot;:{&quot;enabled&quot;:0,&quot;text&quot;:&quot;Open PDF&quot;,&quot;triggerType&quot;:&quot;button&quot;,&quot;image&quot;:&quot;&quot;,&quot;imageHeight&quot;:&quot;200px&quot;,&quot;imageWidth&quot;:&quot;300px&quot;,&quot;imagePdfIcon&quot;:true,&quot;triggerAlignment&quot;:&quot;center&quot;,&quot;btnStyle&quot;:{&quot;background&quot;:&quot;#1e73be&quot;,&quot;color&quot;:&quot;#fff&quot;,&quot;fontSize&quot;:&quot;1rem&quot;,&quot;padding&quot;:{&quot;top&quot;:10,&quot;right&quot;:20,&quot;bottom&quot;:10,&quot;left&quot;:10}}},&quot;actionsPosition&quot;:&quot;top&quot;,&quot;socialShare&quot;:{&quot;enabled&quot;:false,&quot;facebook&quot;:false,&quot;twitter&quot;:false,&quot;linkedin&quot;:false,&quot;pinterest&quot;:false,&quot;position&quot;:&quot;top&quot;},&quot;adobeEmbedder&quot;:false,&quot;align&quot;:&quot;none&quot;,&quot;alignment&quot;:&quot;left&quot;,&quot;titleFontSize&quot;:&quot;16px&quot;,&quot;fullscreenButtonText&quot;:&quot;View Fullscreen&quot;,&quot;initialPage&quot;:0,&quot;isHideRightToolbar&quot;:false,&quot;additional&quot;:{&quot;ID&quot;:&quot;&quot;,&quot;Class&quot;:&quot;&quot;,&quot;CSS&quot;:&quot;&quot;},&quot;adobeOptions&quot;:{&quot;showDownloadPDF&quot;:true,&quot;showPrintPDF&quot;:true,&quot;showAnnotationTools&quot;:true,&quot;showFullScreen&quot;:false,&quot;embedMode&quot;:&quot;SIZED_CONTAINER&quot;},&quot;popupBtnStyle&quot;:{&quot;background&quot;:&quot;#2271b1&quot;,&quot;color&quot;:&quot;#fff&quot;,&quot;padding&quot;:{&quot;top&quot;:10,&quot;right&quot;:20,&quot;bottom&quot;:10,&quot;left&quot;:10}},&quot;popupBtnText&quot;:&quot;Open Document&quot;,&quot;CSS&quot;:&quot;&quot;,&quot;isPremium&quot;:false}'\n    style=\"text-align: left\">\n    \n        <iframe title=\"Kobudo wymagania\" style=\"border:0;\" width=\"100%\" height=\"800px\" class=\"pdfp_unsupported_frame lazyload\" data-src=\"\/\/docs.google.com\/gview?embedded=true&url=http:\/\/karate-podhale.pl\/wp-content\/uploads\/2024\/05\/KOBUDO-wymagania-Honshitsu.pdf\" src=\"data:image\/svg+xml;base64,PHN2ZyB3aWR0aD0iMSIgaGVpZ2h0PSIxIiB4bWxucz0iaHR0cDovL3d3dy53My5vcmcvMjAwMC9zdmciPjwvc3ZnPg==\" data-load-mode=\"1\"><\/iframe>\n\n    <\/div>\n<\/div>\n<p>[\/vc_column_text][\/vc_column][\/vc_row]<\/p>\n<\/div>","protected":false},"excerpt":{"rendered":"<p>[vc_row tlg_background_style=&#8221;bg-dark&#8221; el_id=&#8221;intro&#8221; css=&#8221;.vc_custom_1548691927310{background-color: #222222 !important;}&#8221;][vc_column][\/vc_column][\/vc_row][vc_row tlg_background_style=&#8221;bg-dark&#8221; tlg_padding=&#8221;pt0&#8243; css=&#8221;.vc_custom_1548691943419{background-color: #222222 !important;}&#8221;][vc_column width=&#8221;1\/2&#8243;][\/vc_column][vc_column width=&#8221;1\/2&#8243;][\/vc_column][\/vc_row][vc_row tlg_background_style=&#8221;bg-dark&#8221; tlg_padding=&#8221;pt0&#8243; css=&#8221;.vc_custom_1548691943419{background-color: #222222 !important;}&#8221;][vc_column width=&#8221;1\/2&#8243;][\/vc_column][vc_column width=&#8221;1\/2&#8243;][\/vc_column][\/vc_row][vc_row tlg_background_style=&#8221;bg-dark&#8221; tlg_padding=&#8221;pt0&#8243; el_id=&#8221;work&#8221; css=&#8221;.vc_custom_1716839482453{padding-top: 100px !important;background-color: #222222 !important;}&#8221;][vc_column][\/vc_column][vc_column width=&#8221;1\/2&#8243;][vc_column_text css=&#8221;&#8221;] [\/vc_column_text][\/vc_column][vc_column width=&#8221;1\/2&#8243;][vc_column_text css=&#8221;&#8221;] [\/vc_column_text][\/vc_column][\/vc_row]<\/p>\n","protected":false},"author":1,"featured_media":0,"parent":2013,"menu_order":0,"comment_status":"closed","ping_status":"closed","template":"","meta":{"footnotes":""},"yoast_head":"<!-- This site is optimized with the Yoast SEO plugin v24.5 - https:\/\/yoast.com\/wordpress\/plugins\/seo\/ -->\n<title>Wymagania Egzaminacyjne - Okinawskie Sztuki Walki<\/title>\n<meta name=\"robots\" content=\"index, follow, max-snippet:-1, max-image-preview:large, max-video-preview:-1\" \/>\n<link rel=\"canonical\" href=\"https:\/\/karate-podhale.pl\/index.php\/home\/wymagania\/\" \/>\n<meta property=\"og:locale\" content=\"pl_PL\" \/>\n<meta property=\"og:type\" content=\"article\" \/>\n<meta property=\"og:title\" content=\"Wymagania Egzaminacyjne - Okinawskie Sztuki Walki\" \/>\n<meta property=\"og:description\" content=\"[vc_row tlg_background_style=&#8221;bg-dark&#8221; el_id=&#8221;intro&#8221; css=&#8221;.vc_custom_1548691927310{background-color: #222222 !important;}&#8221;][vc_column][\/vc_column][\/vc_row][vc_row tlg_background_style=&#8221;bg-dark&#8221; tlg_padding=&#8221;pt0&#8243; css=&#8221;.vc_custom_1548691943419{background-color: #222222 !important;}&#8221;][vc_column width=&#8221;1\/2&#8243;][\/vc_column][vc_column width=&#8221;1\/2&#8243;][\/vc_column][\/vc_row][vc_row tlg_background_style=&#8221;bg-dark&#8221; tlg_padding=&#8221;pt0&#8243; css=&#8221;.vc_custom_1548691943419{background-color: #222222 !important;}&#8221;][vc_column width=&#8221;1\/2&#8243;][\/vc_column][vc_column width=&#8221;1\/2&#8243;][\/vc_column][\/vc_row][vc_row tlg_background_style=&#8221;bg-dark&#8221; tlg_padding=&#8221;pt0&#8243; el_id=&#8221;work&#8221; css=&#8221;.vc_custom_1716839482453{padding-top: 100px !important;background-color: #222222 !important;}&#8221;][vc_column][\/vc_column][vc_column width=&#8221;1\/2&#8243;][vc_column_text css=&#8221;&#8221;] [\/vc_column_text][\/vc_column][vc_column width=&#8221;1\/2&#8243;][vc_column_text css=&#8221;&#8221;] [\/vc_column_text][\/vc_column][\/vc_row]\" \/>\n<meta property=\"og:url\" content=\"https:\/\/karate-podhale.pl\/index.php\/home\/wymagania\/\" \/>\n<meta property=\"og:site_name\" content=\"Okinawskie Sztuki Walki\" \/>\n<meta property=\"article:publisher\" content=\"https:\/\/www.facebook.com\/DojoHonshitsu\" \/>\n<meta property=\"article:modified_time\" content=\"2026-01-12T15:38:59+00:00\" \/>\n<meta name=\"twitter:card\" content=\"summary_large_image\" \/>\n<meta name=\"twitter:label1\" content=\"Szacowany czas czytania\" \/>\n\t<meta name=\"twitter:data1\" content=\"2 minuty\" \/>\n<script type=\"application\/ld+json\" class=\"yoast-schema-graph\">{\"@context\":\"https:\/\/schema.org\",\"@graph\":[{\"@type\":\"WebPage\",\"@id\":\"https:\/\/karate-podhale.pl\/index.php\/home\/wymagania\/\",\"url\":\"https:\/\/karate-podhale.pl\/index.php\/home\/wymagania\/\",\"name\":\"Wymagania Egzaminacyjne - Okinawskie Sztuki Walki\",\"isPartOf\":{\"@id\":\"https:\/\/karate-podhale.pl\/#website\"},\"datePublished\":\"2024-05-27T07:49:49+00:00\",\"dateModified\":\"2026-01-12T15:38:59+00:00\",\"breadcrumb\":{\"@id\":\"https:\/\/karate-podhale.pl\/index.php\/home\/wymagania\/#breadcrumb\"},\"inLanguage\":\"pl-PL\",\"potentialAction\":[{\"@type\":\"ReadAction\",\"target\":[\"https:\/\/karate-podhale.pl\/index.php\/home\/wymagania\/\"]}]},{\"@type\":\"BreadcrumbList\",\"@id\":\"https:\/\/karate-podhale.pl\/index.php\/home\/wymagania\/#breadcrumb\",\"itemListElement\":[{\"@type\":\"ListItem\",\"position\":1,\"name\":\"Strona g\u0142\u00f3wna\",\"item\":\"https:\/\/karate-podhale.pl\/\"},{\"@type\":\"ListItem\",\"position\":2,\"name\":\"Home\",\"item\":\"https:\/\/karate-podhale.pl\/index.php\/home\/\"},{\"@type\":\"ListItem\",\"position\":3,\"name\":\"Wymagania Egzaminacyjne\"}]},{\"@type\":\"WebSite\",\"@id\":\"https:\/\/karate-podhale.pl\/#website\",\"url\":\"https:\/\/karate-podhale.pl\/\",\"name\":\"Okinawskie Sztuki Walki\",\"description\":\"\",\"publisher\":{\"@id\":\"https:\/\/karate-podhale.pl\/#organization\"},\"potentialAction\":[{\"@type\":\"SearchAction\",\"target\":{\"@type\":\"EntryPoint\",\"urlTemplate\":\"https:\/\/karate-podhale.pl\/?s={search_term_string}\"},\"query-input\":{\"@type\":\"PropertyValueSpecification\",\"valueRequired\":true,\"valueName\":\"search_term_string\"}}],\"inLanguage\":\"pl-PL\"},{\"@type\":\"Organization\",\"@id\":\"https:\/\/karate-podhale.pl\/#organization\",\"name\":\"TOGKF\",\"url\":\"https:\/\/karate-podhale.pl\/\",\"logo\":{\"@type\":\"ImageObject\",\"inLanguage\":\"pl-PL\",\"@id\":\"https:\/\/karate-podhale.pl\/#\/schema\/logo\/image\/\",\"url\":\"https:\/\/karate-podhale.pl\/wp-content\/uploads\/2024\/05\/Logo-male.png\",\"contentUrl\":\"https:\/\/karate-podhale.pl\/wp-content\/uploads\/2024\/05\/Logo-male.png\",\"width\":300,\"height\":300,\"caption\":\"TOGKF\"},\"image\":{\"@id\":\"https:\/\/karate-podhale.pl\/#\/schema\/logo\/image\/\"},\"sameAs\":[\"https:\/\/www.facebook.com\/DojoHonshitsu\"]}]}<\/script>\n<!-- \/ Yoast SEO plugin. -->","yoast_head_json":{"title":"Wymagania Egzaminacyjne - Okinawskie Sztuki Walki","robots":{"index":"index","follow":"follow","max-snippet":"max-snippet:-1","max-image-preview":"max-image-preview:large","max-video-preview":"max-video-preview:-1"},"canonical":"https:\/\/karate-podhale.pl\/index.php\/home\/wymagania\/","og_locale":"pl_PL","og_type":"article","og_title":"Wymagania Egzaminacyjne - Okinawskie Sztuki Walki","og_description":"[vc_row tlg_background_style=&#8221;bg-dark&#8221; el_id=&#8221;intro&#8221; css=&#8221;.vc_custom_1548691927310{background-color: #222222 !important;}&#8221;][vc_column][\/vc_column][\/vc_row][vc_row tlg_background_style=&#8221;bg-dark&#8221; tlg_padding=&#8221;pt0&#8243; css=&#8221;.vc_custom_1548691943419{background-color: #222222 !important;}&#8221;][vc_column width=&#8221;1\/2&#8243;][\/vc_column][vc_column width=&#8221;1\/2&#8243;][\/vc_column][\/vc_row][vc_row tlg_background_style=&#8221;bg-dark&#8221; tlg_padding=&#8221;pt0&#8243; css=&#8221;.vc_custom_1548691943419{background-color: #222222 !important;}&#8221;][vc_column width=&#8221;1\/2&#8243;][\/vc_column][vc_column width=&#8221;1\/2&#8243;][\/vc_column][\/vc_row][vc_row tlg_background_style=&#8221;bg-dark&#8221; tlg_padding=&#8221;pt0&#8243; el_id=&#8221;work&#8221; css=&#8221;.vc_custom_1716839482453{padding-top: 100px !important;background-color: #222222 !important;}&#8221;][vc_column][\/vc_column][vc_column width=&#8221;1\/2&#8243;][vc_column_text css=&#8221;&#8221;] [\/vc_column_text][\/vc_column][vc_column width=&#8221;1\/2&#8243;][vc_column_text css=&#8221;&#8221;] [\/vc_column_text][\/vc_column][\/vc_row]","og_url":"https:\/\/karate-podhale.pl\/index.php\/home\/wymagania\/","og_site_name":"Okinawskie Sztuki Walki","article_publisher":"https:\/\/www.facebook.com\/DojoHonshitsu","article_modified_time":"2026-01-12T15:38:59+00:00","twitter_card":"summary_large_image","twitter_misc":{"Szacowany czas czytania":"2 minuty"},"schema":{"@context":"https:\/\/schema.org","@graph":[{"@type":"WebPage","@id":"https:\/\/karate-podhale.pl\/index.php\/home\/wymagania\/","url":"https:\/\/karate-podhale.pl\/index.php\/home\/wymagania\/","name":"Wymagania Egzaminacyjne - Okinawskie Sztuki Walki","isPartOf":{"@id":"https:\/\/karate-podhale.pl\/#website"},"datePublished":"2024-05-27T07:49:49+00:00","dateModified":"2026-01-12T15:38:59+00:00","breadcrumb":{"@id":"https:\/\/karate-podhale.pl\/index.php\/home\/wymagania\/#breadcrumb"},"inLanguage":"pl-PL","potentialAction":[{"@type":"ReadAction","target":["https:\/\/karate-podhale.pl\/index.php\/home\/wymagania\/"]}]},{"@type":"BreadcrumbList","@id":"https:\/\/karate-podhale.pl\/index.php\/home\/wymagania\/#breadcrumb","itemListElement":[{"@type":"ListItem","position":1,"name":"Strona g\u0142\u00f3wna","item":"https:\/\/karate-podhale.pl\/"},{"@type":"ListItem","position":2,"name":"Home","item":"https:\/\/karate-podhale.pl\/index.php\/home\/"},{"@type":"ListItem","position":3,"name":"Wymagania Egzaminacyjne"}]},{"@type":"WebSite","@id":"https:\/\/karate-podhale.pl\/#website","url":"https:\/\/karate-podhale.pl\/","name":"Okinawskie Sztuki Walki","description":"","publisher":{"@id":"https:\/\/karate-podhale.pl\/#organization"},"potentialAction":[{"@type":"SearchAction","target":{"@type":"EntryPoint","urlTemplate":"https:\/\/karate-podhale.pl\/?s={search_term_string}"},"query-input":{"@type":"PropertyValueSpecification","valueRequired":true,"valueName":"search_term_string"}}],"inLanguage":"pl-PL"},{"@type":"Organization","@id":"https:\/\/karate-podhale.pl\/#organization","name":"TOGKF","url":"https:\/\/karate-podhale.pl\/","logo":{"@type":"ImageObject","inLanguage":"pl-PL","@id":"https:\/\/karate-podhale.pl\/#\/schema\/logo\/image\/","url":"https:\/\/karate-podhale.pl\/wp-content\/uploads\/2024\/05\/Logo-male.png","contentUrl":"https:\/\/karate-podhale.pl\/wp-content\/uploads\/2024\/05\/Logo-male.png","width":300,"height":300,"caption":"TOGKF"},"image":{"@id":"https:\/\/karate-podhale.pl\/#\/schema\/logo\/image\/"},"sameAs":["https:\/\/www.facebook.com\/DojoHonshitsu"]}]}},"_links":{"self":[{"href":"https:\/\/karate-podhale.pl\/index.php\/wp-json\/wp\/v2\/pages\/8819"}],"collection":[{"href":"https:\/\/karate-podhale.pl\/index.php\/wp-json\/wp\/v2\/pages"}],"about":[{"href":"https:\/\/karate-podhale.pl\/index.php\/wp-json\/wp\/v2\/types\/page"}],"author":[{"embeddable":true,"href":"https:\/\/karate-podhale.pl\/index.php\/wp-json\/wp\/v2\/users\/1"}],"replies":[{"embeddable":true,"href":"https:\/\/karate-podhale.pl\/index.php\/wp-json\/wp\/v2\/comments?post=8819"}],"version-history":[{"count":25,"href":"https:\/\/karate-podhale.pl\/index.php\/wp-json\/wp\/v2\/pages\/8819\/revisions"}],"predecessor-version":[{"id":8943,"href":"https:\/\/karate-podhale.pl\/index.php\/wp-json\/wp\/v2\/pages\/8819\/revisions\/8943"}],"up":[{"embeddable":true,"href":"https:\/\/karate-podhale.pl\/index.php\/wp-json\/wp\/v2\/pages\/2013"}],"wp:attachment":[{"href":"https:\/\/karate-podhale.pl\/index.php\/wp-json\/wp\/v2\/media?parent=8819"}],"curies":[{"name":"wp","href":"https:\/\/api.w.org\/{rel}","templated":true}]}}